{"id":31,"date":"2020-09-17T08:00:34","date_gmt":"2020-09-17T08:00:34","guid":{"rendered":"https:\/\/taizypacking.com\/?page_id=31"},"modified":"2025-09-10T15:57:40","modified_gmt":"2025-09-10T07:57:40","slug":"about-us","status":"publish","type":"page","link":"https:\/\/taizypacking.com\/vi\/about-us\/","title":{"rendered":"V\u1ec1 ch\u00fang t\u00f4i"},"content":{"rendered":"<div data-elementor-type=\"wp-page\" data-elementor-id=\"31\" class=\"elementor elementor-31\" data-elementor-post-type=\"page\"> \t\t\t\t\t\t<section class=\"elementor-section elementor-top-section elementor-element elementor-element-56572ed elementor-section-full_width elementor-section-height-min-height elementor-section-height-default elementor-section-items-middle\" data-id=\"56572ed\" data-element_type=\"section\" data-e-type=\"section\" data-settings=\"{&quot;background_background&quot;:&quot;classic&quot;}\"> \t\t\t\t\t\t<div class=\"elementor-container elementor-column-gap-default\"> \t\t\t\t\t<div class=\"elementor-column elementor-col-100 elementor-top-column elementor-element elementor-element-1288b11\" data-id=\"1288b11\" data-element_type=\"column\" data-e-type=\"column\"> \t\t\t<div class=\"elementor-widget-wrap elementor-element-populated\"> \t\t\t\t\t\t<div class=\"elementor-element elementor-element-45f47d0 elementor-widget elementor-widget-heading\" data-id=\"45f47d0\" data-element_type=\"widget\" data-e-type=\"widget\" data-widget_type=\"heading.default\"> \t\t\t\t\t<h1 class=\"elementor-heading-title elementor-size-default\">Taizy Machinery Co. LTD<\/h1>\t\t\t\t<\/div> \t\t\t\t\t<\/div> \t\t<\/div> \t\t\t\t\t<\/div> \t\t<\/section> \t\t<div class=\"elementor-element elementor-element-1667671 e-flex e-con-boxed e-con e-parent\" data-id=\"1667671\" data-element_type=\"container\" data-e-type=\"container\"> \t\t\t\t\t<div class=\"e-con-inner\"> \t\t\t\t<div class=\"elementor-element elementor-element-d2542a2 elementor-widget elementor-widget-heading\" data-id=\"d2542a2\" data-element_type=\"widget\" data-e-type=\"widget\" data-widget_type=\"heading.default\"> \t\t\t\t\t<h2 class=\"elementor-heading-title elementor-size-default\">Ch\u00fang t\u00f4i l\u00e0 ai?<\/h2>\t\t\t\t<\/div> \t\t\t\t<div class=\"elementor-element elementor-element-d01eb20 elementor-widget__width-initial elementor-widget elementor-widget-text-editor\" data-id=\"d01eb20\" data-element_type=\"widget\" data-e-type=\"widget\" data-widget_type=\"text-editor.default\"> \t\t\t\t\t\t\t\t\t<p>Taizy Packaging Machinery l\u00e0 m\u1ed9t nh\u00e0 s\u1ea3n xu\u1ea5t chuy\u00ean nghi\u1ec7p chuy\u00ean cung c\u1ea5p c\u00e1c gi\u1ea3i ph\u00e1p \u0111\u00f3ng g\u00f3i ho\u00e0n ch\u1ec9nh cho c\u00e1c s\u1ea3n ph\u1ea9m d\u1ea1ng l\u1ecfng, d\u1ea1ng s\u1ec7t, d\u1ea1ng b\u1ed9t v\u00e0 d\u1ea1ng h\u1ea1t r\u1eafn. Ch\u00fang t\u00f4i c\u00f3 nh\u00e0 m\u00e1y ri\u00eang v\u00e0 trang thi\u1ebft b\u1ecb ti\u00ean ti\u1ebfn, \u0111\u1ea3m b\u1ea3o ki\u1ec3m so\u00e1t ch\u1ea5t l\u01b0\u1ee3ng nghi\u00eam ng\u1eb7t, n\u0103ng l\u1ef1c s\u1ea3n xu\u1ea5t \u0111\u00e1ng tin c\u1eady v\u00e0 kh\u00f4ng ng\u1eebng \u0111\u1ed5i m\u1edbi.<\/p>\t\t\t\t\t\t\t\t<\/div> \t\t\t\t\t<\/div> \t\t\t\t<\/div> \t\t<div class=\"elementor-element elementor-element-9a5d343 e-grid e-con-boxed e-con e-parent\" data-id=\"9a5d343\" data-element_type=\"container\" data-e-type=\"container\"> \t\t\t\t\t<div class=\"e-con-inner\"> \t\t\t\t<div class=\"elementor-element elementor-element-deaa9df elementor-widget elementor-widget-image\" data-id=\"deaa9df\" data-element_type=\"widget\" data-e-type=\"widget\" data-widget_type=\"image.default\"> \t\t\t\t\t\t\t\t\t\t\t\t\t\t\t<img fetchpriority=\"high\" decoding=\"async\" width=\"720\" height=\"540\" src=\"https:\/\/taizypacking.com\/wp-content\/uploads\/2025\/09\/Taizy-factory-1.webp\" class=\"attachment-large size-large wp-image-11042\" alt=\"Nh\u00e0 m\u00e1y Taizy\" srcset=\"https:\/\/taizypacking.com\/wp-content\/uploads\/2025\/09\/Taizy-factory-1.webp 720w, https:\/\/taizypacking.com\/wp-content\/uploads\/2025\/09\/Taizy-factory-1-300x225.webp 300w, https:\/\/taizypacking.com\/wp-content\/uploads\/2025\/09\/Taizy-factory-1-16x12.webp 16w\" sizes=\"(max-width: 720px) 100vw, 720px\" title=\"\">\t\t\t\t\t\t\t\t\t\t\t\t\t\t\t<\/div> \t\t\t\t<div class=\"elementor-element elementor-element-f0ad056 elementor-widget elementor-widget-image\" data-id=\"f0ad056\" data-element_type=\"widget\" data-e-type=\"widget\" data-widget_type=\"image.default\"> \t\t\t\t\t\t\t\t\t\t\t\t\t\t\t<img decoding=\"async\" width=\"720\" height=\"540\" src=\"https:\/\/taizypacking.com\/wp-content\/uploads\/2025\/09\/Taizy-source-factory.webp\" class=\"attachment-large size-large wp-image-11043\" alt=\"Nh\u00e0 m\u00e1y ngu\u1ed3n c\u1ee7a Taizy\" srcset=\"https:\/\/taizypacking.com\/wp-content\/uploads\/2025\/09\/Taizy-source-factory.webp 720w, https:\/\/taizypacking.com\/wp-content\/uploads\/2025\/09\/Taizy-source-factory-300x225.webp 300w, https:\/\/taizypacking.com\/wp-content\/uploads\/2025\/09\/Taizy-source-factory-16x12.webp 16w\" sizes=\"(max-width: 720px) 100vw, 720px\" title=\"\">\t\t\t\t\t\t\t\t\t\t\t\t\t\t\t<\/div> \t\t\t\t\t<\/div> \t\t\t\t<\/div> \t\t<div class=\"elementor-element elementor-element-0811635 e-flex e-con-boxed e-con e-parent\" data-id=\"0811635\" data-element_type=\"container\" data-e-type=\"container\"> \t\t\t\t\t<div class=\"e-con-inner\"> \t\t\t\t<div class=\"elementor-element elementor-element-fca2a19 elementor-widget elementor-widget-heading\" data-id=\"fca2a19\" data-element_type=\"widget\" data-e-type=\"widget\" data-widget_type=\"heading.default\"> \t\t\t\t\t<h2 class=\"elementor-heading-title elementor-size-default\">C\u00f2n ch\u00fang t\u00f4i th\u00ec sao?<\/h2>\t\t\t\t<\/div> \t\t\t\t<div class=\"elementor-element elementor-element-c567bc2 elementor-widget elementor-widget-text-editor\" data-id=\"c567bc2\" data-element_type=\"widget\" data-e-type=\"widget\" data-widget_type=\"text-editor.default\"> \t\t\t\t\t\t\t\t\t<p>Taizy \u0111\u00e3 \u0111\u1ea1t c\u00e1c ch\u1ee9ng nh\u1eadn SGS, ISO, TuV, CE, BV v\u00e0 c\u00e1c ch\u1ee9ng ch\u1ec9 kh\u00e1c. C\u00f4ng ty c\u0169ng \u0111\u00e3 \u0111\u01b0\u1ee3c x\u1ebfp h\u1ea1ng l\u00e0 \u201cDoanh nghi\u1ec7p gi\u1eef ch\u1eef t\u00edn, gi\u1eef l\u1eddi h\u1ee9a\u201d v\u00e0 \u201cDoanh nghi\u1ec7p an to\u00e0n s\u1ea3n xu\u1ea5t ti\u00ean ti\u1ebfn\u201d t\u1ea1i t\u1ec9nh H\u00e0 Nam.<\/p>\t\t\t\t\t\t\t\t<\/div> \t\t<div class=\"elementor-element elementor-element-7bc419b e-grid e-con-full e-con e-child\" data-id=\"7bc419b\" data-element_type=\"container\" data-e-type=\"container\"> \t\t\t\t<div class=\"elementor-element elementor-element-e59d1c4 elementor-widget elementor-widget-image\" data-id=\"e59d1c4\" data-element_type=\"widget\" data-e-type=\"widget\" data-widget_type=\"image.default\"> \t\t\t\t\t\t\t\t\t\t\t\t\t\t\t<img decoding=\"async\" width=\"800\" height=\"298\" src=\"https:\/\/taizypacking.com\/wp-content\/uploads\/2025\/09\/certifications-of-Taizy.jpg\" class=\"attachment-large size-large wp-image-11044\" alt=\"certifications of Taizy\" srcset=\"https:\/\/taizypacking.com\/wp-content\/uploads\/2025\/09\/certifications-of-Taizy.jpg 1024w, https:\/\/taizypacking.com\/wp-content\/uploads\/2025\/09\/certifications-of-Taizy-300x112.jpg 300w, https:\/\/taizypacking.com\/wp-content\/uploads\/2025\/09\/certifications-of-Taizy-768x286.jpg 768w, https:\/\/taizypacking.com\/wp-content\/uploads\/2025\/09\/certifications-of-Taizy-18x7.jpg 18w\" sizes=\"(max-width: 800px) 100vw, 800px\" title=\"\">\t\t\t\t\t\t\t\t\t\t\t\t\t\t\t<\/div> \t\t\t\t<\/div> \t\t\t\t<div class=\"elementor-element elementor-element-f238c92 elementor-widget elementor-widget-heading\" data-id=\"f238c92\" data-element_type=\"widget\" data-e-type=\"widget\" data-widget_type=\"heading.default\"> \t\t\t\t\t<h2 class=\"elementor-heading-title elementor-size-default\"><span style=\"font-weight: 500\">Ch\u00fang ta l\u00e0m g\u00ec \u0111\u00e2y?<\/span><\/h2>\t\t\t\t<\/div> \t\t\t\t<div class=\"elementor-element elementor-element-e74c685 elementor-widget elementor-widget-text-editor\" data-id=\"e74c685\" data-element_type=\"widget\" data-e-type=\"widget\" data-widget_type=\"text-editor.default\"> \t\t\t\t\t\t\t\t\t<p>M\u00e1y \u0111\u00f3ng g\u00f3i Taizy \u0111\u01b0\u1ee3c s\u1eed d\u1ee5ng r\u1ed9ng r\u00e3i trong c\u00e1c ng\u00e0nh th\u1ef1c ph\u1ea9m v\u00e0 \u0111\u1ed3 u\u1ed1ng, d\u01b0\u1ee3c ph\u1ea9m, m\u1ef9 ph\u1ea9m, h\u00f3a ph\u1ea9m gia d\u1ee5ng v\u00e0 n\u00f4ng nghi\u1ec7p. Ch\u00fang t\u00f4i c\u00f3 m\u1ed9t \u0111\u1ed9i ng\u0169 k\u1ef9 s\u01b0 v\u00e0 k\u1ef9 thu\u1eadt vi\u00ean gi\u00e0u kinh nghi\u1ec7m cung c\u1ea5p thi\u1ebft b\u1ecb ch\u1ea5t l\u01b0\u1ee3ng cao, d\u1ecbch v\u1ee5 chuy\u00ean nghi\u1ec7p v\u00e0 h\u1ed7 tr\u1ee3 k\u1ef9 thu\u1eadt. Ch\u00fang t\u00f4i l\u00e0m vi\u1ec7c ch\u1eb7t ch\u1ebd v\u1edbi \u0111\u1ed1i t\u00e1c v\u00e0 kh\u00e1ch h\u00e0ng tr\u00ean to\u00e0n th\u1ebf gi\u1edbi \u0111\u1ec3 cung c\u1ea5p \u0111a d\u1ea1ng c\u00e1c lo\u1ea1i m\u00e1y \u0111\u00f3ng g\u00f3i nh\u1eb1m \u0111\u00e1p \u1ee9ng nhu c\u1ea7u th\u1ecb tr\u01b0\u1eddng kh\u00e1c nhau.<\/p>\t\t\t\t\t\t\t\t<\/div> \t\t\t\t\t<\/div> \t\t\t\t<\/div> \t\t<div class=\"elementor-element elementor-element-0e0938e e-grid e-con-full e-con e-parent\" data-id=\"0e0938e\" data-element_type=\"container\" data-e-type=\"container\"> \t\t\t\t<div class=\"elementor-element elementor-element-d07c8e3 elementor-widget elementor-widget-image\" data-id=\"d07c8e3\" data-element_type=\"widget\" data-e-type=\"widget\" data-widget_type=\"image.default\"> \t\t\t\t\t\t\t\t\t\t\t\t\t\t\t<img loading=\"lazy\" decoding=\"async\" width=\"720\" height=\"540\" src=\"https:\/\/taizypacking.com\/wp-content\/uploads\/2025\/09\/Taizys-clients-worldwide.webp\" class=\"attachment-large size-large wp-image-11045\" alt=\"Kh\u00e1ch h\u00e0ng to\u00e0n c\u1ea7u c\u1ee7a Taizy\" srcset=\"https:\/\/taizypacking.com\/wp-content\/uploads\/2025\/09\/Taizys-clients-worldwide.webp 720w, https:\/\/taizypacking.com\/wp-content\/uploads\/2025\/09\/Taizys-clients-worldwide-300x225.webp 300w, https:\/\/taizypacking.com\/wp-content\/uploads\/2025\/09\/Taizys-clients-worldwide-16x12.webp 16w\" sizes=\"(max-width: 720px) 100vw, 720px\" title=\"\">\t\t\t\t\t\t\t\t\t\t\t\t\t\t\t<\/div> \t\t\t\t<\/div> \t\t<div class=\"elementor-element elementor-element-76cf308 e-flex e-con-boxed e-con e-parent\" data-id=\"76cf308\" data-element_type=\"container\" data-e-type=\"container\"> \t\t\t\t\t<div class=\"e-con-inner\"> \t\t\t\t<div class=\"elementor-element elementor-element-26884cd elementor-widget elementor-widget-text-editor\" data-id=\"26884cd\" data-element_type=\"widget\" data-e-type=\"widget\" data-widget_type=\"text-editor.default\"> \t\t\t\t\t\t\t\t\t<h4>Taizy cam k\u1ebft tr\u1edf th\u00e0nh \u0111\u1ed1i t\u00e1c \u0111\u00f3ng g\u00f3i \u0111\u00e1ng tin c\u1eady c\u1ee7a b\u1ea1n, mang l\u1ea1i hi\u1ec7u su\u1ea5t, \u0111\u1ed9 tin c\u1eady v\u00e0 gi\u00e1 tr\u1ecb.<\/h4>\t\t\t\t\t\t\t\t<\/div> \t\t\t\t\t<\/div> \t\t\t\t<\/div> \t\t\t\t<\/div>","protected":false},"excerpt":{"rendered":"<p>Taizy Machinery Co. LTD Who are we ? Taizy Packaging Machinery is a professional manufacturer dedicated to providing complete packaging solutions for liquid, paste, powder, and solid granule products. We have our own factory and advanced facilities, ensuring strict quality control, reliable production capacity, and continuous innovation. How about us? Taizy has passed SGS, ISO, [&hellip;]<\/p>\n","protected":false},"author":1,"featured_media":0,"parent":0,"menu_order":0,"comment_status":"closed","ping_status":"closed","template":"","meta":{"_acf_changed":false,"footnotes":""},"class_list":["post-31","page","type-page","status-publish","hentry"],"acf":[],"_links":{"self":[{"href":"https:\/\/taizypacking.com\/vi\/wp-json\/wp\/v2\/pages\/31","targetHints":{"allow":["GET"]}}],"collection":[{"href":"https:\/\/taizypacking.com\/vi\/wp-json\/wp\/v2\/pages"}],"about":[{"href":"https:\/\/taizypacking.com\/vi\/wp-json\/wp\/v2\/types\/page"}],"author":[{"embeddable":true,"href":"https:\/\/taizypacking.com\/vi\/wp-json\/wp\/v2\/users\/1"}],"replies":[{"embeddable":true,"href":"https:\/\/taizypacking.com\/vi\/wp-json\/wp\/v2\/comments?post=31"}],"version-history":[{"count":0,"href":"https:\/\/taizypacking.com\/vi\/wp-json\/wp\/v2\/pages\/31\/revisions"}],"wp:attachment":[{"href":"https:\/\/taizypacking.com\/vi\/wp-json\/wp\/v2\/media?parent=31"}],"curies":[{"name":"wp","href":"https:\/\/api.w.org\/{rel}","templated":true}]}}