{"id":3,"date":"2020-08-19T07:32:06","date_gmt":"2020-08-19T07:32:06","guid":{"rendered":"https:\/\/taizypacking.com\/?page_id=3"},"modified":"2020-09-24T02:27:44","modified_gmt":"2020-09-24T02:27:44","slug":"privacy-policy","status":"publish","type":"page","link":"https:\/\/taizypacking.com\/tr\/privacy-policy\/","title":{"rendered":"Gizlilik Politikas\u0131"},"content":{"rendered":"<h2 class=\"wp-block-heading\">Biz kimiz<\/h2>    <p>Web sitemizin adresi: https:\/\/taizypacking.com.<\/p>    <h2 class=\"wp-block-heading\">Toplad\u0131\u011f\u0131m\u0131z ki\u015fisel veriler ve bunlar\u0131 neden topluyoruz<\/h2>    <h3 class=\"wp-block-heading\">Yorumlar<\/h3>    <p>Ziyaret\u00e7iler siteye yorum b\u0131rakt\u0131\u011f\u0131nda yorum formunda g\u00f6sterilen verileri ve ayr\u0131ca spam tespiti i\u00e7in ziyaret\u00e7inin IP adresini ve taray\u0131c\u0131 kullan\u0131c\u0131 arac\u0131s\u0131 dizisini toplar\u0131z.<\/p>    <p>E-posta adresinizden olu\u015fturulmu\u015f anonimle\u015ftirilmi\u015f bir dize (hash olarak da adland\u0131r\u0131l\u0131r) Gravatar hizmetine sa\u011flanabilir ve Gravatar kullan\u0131p kullanmad\u0131\u011f\u0131n\u0131z kontrol edilebilir. Gravatar hizmetinin gizlilik politikas\u0131 \u015furada mevcuttur: https:\/\/automattic.com\/privacy\/. Yorumunuz onayland\u0131ktan sonra profil resminiz yorumunuz ba\u011flam\u0131nda halka g\u00f6r\u00fcn\u00fcr.<\/p>    <h3 class=\"wp-block-heading\">Medya<\/h3>    <p>Web sitesine g\u00f6r\u00fcnt\u00fc y\u00fcklerseniz, g\u00f6m\u00fcl\u00fc konum verisi (EXIF GPS) i\u00e7eren g\u00f6r\u00fcnt\u00fcleri y\u00fcklemekten ka\u00e7\u0131nmal\u0131s\u0131n\u0131z. Web sitesini ziyaret edenler, sitedeki g\u00f6r\u00fcnt\u00fclerden herhangi bir konum verisini indirip \u00e7\u0131karabilirler.<\/p>    <h3 class=\"wp-block-heading\">\u0130leti\u015fim formlar\u0131<\/h3>    <h3 class=\"wp-block-heading\">\u00c7erezler<\/h3>    <p>Sitemize yorum b\u0131rak\u0131rsan\u0131z ad\u0131n\u0131z\u0131, e-posta adresinizi ve web sitenizi \u00e7erezlere kaydetmeyi tercih edebilirsiniz. Bunlar, ba\u015fka bir yorum b\u0131rakt\u0131\u011f\u0131n\u0131zda bilgilerinizi tekrar doldurmak zorunda kalmaman\u0131z i\u00e7in sa\u011flan\u0131r. Bu \u00e7erezler bir y\u0131l boyunca saklan\u0131r.<\/p>    <p>Giri\u015f sayfam\u0131z\u0131 ziyaret ederseniz, taray\u0131c\u0131n\u0131z\u0131n \u00e7erezleri kabul edip etmedi\u011fini belirlemek i\u00e7in ge\u00e7ici bir \u00e7erez ayarlayaca\u011f\u0131z. Bu \u00e7erez ki\u015fisel veri i\u00e7ermez ve taray\u0131c\u0131n\u0131z\u0131 kapatt\u0131\u011f\u0131n\u0131zda silinir.<\/p>    <p>Giri\u015f yapt\u0131\u011f\u0131n\u0131zda, oturum a\u00e7ma bilgileriniz ile ekran g\u00f6r\u00fcnt\u00fc tercihleriniz kaydedilmesi i\u00e7in birka\u00e7 \u00e7erez daha ayarlayaca\u011f\u0131z. Oturum a\u00e7ma \u00e7erezleri iki g\u00fcn s\u00fcrer ve ekran se\u00e7enekleri \u00e7erezleri bir y\u0131l s\u00fcrer. \u201cBeni Hat\u0131rla\u201dy\u0131 se\u00e7erseniz, giri\u015finiz iki hafta boyunca s\u00fcrer. Hesab\u0131n\u0131zdan \u00e7\u0131k\u0131\u015f yapt\u0131\u011f\u0131n\u0131zda, giri\u015f \u00e7erezleri kald\u0131r\u0131lacakt\u0131r.<\/p>    <p>Bir makaleyi d\u00fczenlerseniz veya yay\u0131nlarsan\u0131z, taray\u0131c\u0131n\u0131zda ek bir \u00e7erez kaydedilir. Bu \u00e7erez ki\u015fisel veri i\u00e7ermez ve yaln\u0131zca az \u00f6nce d\u00fczenledi\u011finiz makalenin g\u00f6nderi kimli\u011fini g\u00f6sterir. 1 g\u00fcn sonra sona erer.<\/p>    <h3 class=\"wp-block-heading\">Di\u011fer web sitelerinden g\u00f6m\u00fcl\u00fc i\u00e7erik<\/h3>    <p>Bu sitedeki makaleler g\u00f6m\u00fcl\u00fc i\u00e7erik (\u00f6r. videolar, g\u00f6r\u00fcnt\u00fcler, makaleler vb.) i\u00e7erebilir. Di\u011fer web sitelerinden gelen g\u00f6m\u00fcl\u00fc i\u00e7erik, ziyaret\u00e7inin ilgili di\u011fer web sitesini ziyaret etmesiyle tamamen ayn\u0131 \u015fekilde davran\u0131r.<\/p>    <p>Bu web siteleri sizin hakk\u0131n\u0131zda veri toplayabilir, \u00e7erezler kullanabilir, ek \u00fc\u00e7\u00fcnc\u00fc taraf izleme yerle\u015ftirebilir ve g\u00f6m\u00fcl\u00fc i\u00e7erikle etkile\u015fiminizi izleyebilir; e\u011fer o web sitesinde hesab\u0131n\u0131z varsa ve giri\u015f yapm\u0131\u015f durumdaysan\u0131z g\u00f6m\u00fcl\u00fc i\u00e7erikle etkile\u015fiminizi izlemesi de buna dahildir.<\/p>    <h3 class=\"wp-block-heading\">Analitik<\/h3>    <h2 class=\"wp-block-heading\">Verilerinizi kimlerle payla\u015f\u0131yoruz<\/h2>    <h2 class=\"wp-block-heading\">Verilerinizi ne kadar s\u00fcre sakl\u0131yoruz<\/h2>    <p>Bir yorum b\u0131rak\u0131rsan\u0131z, yorum ve meta verileri s\u00fcresiz olarak saklan\u0131r. Bu, takip eden yorumlar\u0131 otomatik olarak tan\u0131y\u0131p onaylayabilmemiz i\u00e7in, bunlar\u0131 bir moderasyon kuyru\u011funda tutmak yerine yap\u0131l\u0131r.<\/p>    <p>Web sitemize kay\u0131t olan kullan\u0131c\u0131lar (varsa) i\u00e7in sa\u011flad\u0131klar\u0131 ki\u015fisel bilgileri kullan\u0131c\u0131 profillerinde saklar\u0131z. T\u00fcm kullan\u0131c\u0131lar her zaman ki\u015fisel bilgilerini g\u00f6rebilir, d\u00fczenleyebilir veya silebilir (kullan\u0131c\u0131 ad\u0131n\u0131 de\u011fi\u015ftiremezler). Site y\u00f6neticileri de bu bilgileri g\u00f6rebilir ve d\u00fczenleyebilir.<\/p>    <h2 class=\"wp-block-heading\">Verileriniz \u00fczerinde sahip oldu\u011funuz haklar<\/h2>    <p>Bu sitede bir hesab\u0131n\u0131z varsa veya yorum b\u0131rakt\u0131ysan\u0131z, sizden tutulmu\u015f ki\u015fisel verilerin bir d\u0131\u015fa aktar\u0131m dosyas\u0131n\u0131 talep edebilirsiniz; bize sa\u011flad\u0131\u011f\u0131n\u0131z veriler de buna dahildir. Ayr\u0131ca elimizdeki herhangi bir ki\u015fisel verinin silinmesini talep edebilirsiniz. Bu, idari, yasal veya g\u00fcvenlik ama\u00e7lar\u0131 i\u00e7in saklamak zorunda oldu\u011fumuz verileri i\u00e7ermez.<\/p>    <h2 class=\"wp-block-heading\">Verinizi nereye g\u00f6nderdi\u011fimiz<\/h2>    <p>Ziyaret\u00e7i yorumlar\u0131 otomatik bir spam tespit hizmeti arac\u0131l\u0131\u011f\u0131yla kontrol edilebilir.<\/p>    <h2 class=\"wp-block-heading\">\u0130leti\u015fim bilgileriniz<\/h2>    <h2 class=\"wp-block-heading\">Ek bilgiler<\/h2>    <h3 class=\"wp-block-heading\">Verilerinizi nas\u0131l korudu\u011fumuz<\/h3>    <h3 class=\"wp-block-heading\">Elimizde hangi veri ihlali prosed\u00fcrleri var<\/h3>    <h3 class=\"wp-block-heading\">Verileri hangi \u00fc\u00e7\u00fcnc\u00fc taraflardan ald\u0131\u011f\u0131m\u0131z<\/h3>    <h3 class=\"wp-block-heading\">Kullan\u0131c\u0131 verileriyle hangi otomatik karar verme ve\/veya profil olu\u015fturma i\u015flemleri yap\u0131yoruz<\/h3>    <h3 class=\"wp-block-heading\">End\u00fcstri d\u00fczenleyici a\u00e7\u0131klama gereklilikleri<\/h3>","protected":false},"excerpt":{"rendered":"<p>Who we are Our website address is: https:\/\/taizypacking.com. What personal data we collect and why we collect it Comments When visitors leave comments on the site we collect the data shown in the comments form, and also the visitor\u2019s IP address and browser user agent string to help spam detection. An anonymized string created from [&hellip;]<\/p>\n","protected":false},"author":1,"featured_media":0,"parent":0,"menu_order":0,"comment_status":"closed","ping_status":"open","template":"","meta":{"_acf_changed":false,"footnotes":""},"class_list":["post-3","page","type-page","status-publish","hentry"],"acf":[],"_links":{"self":[{"href":"https:\/\/taizypacking.com\/tr\/wp-json\/wp\/v2\/pages\/3","targetHints":{"allow":["GET"]}}],"collection":[{"href":"https:\/\/taizypacking.com\/tr\/wp-json\/wp\/v2\/pages"}],"about":[{"href":"https:\/\/taizypacking.com\/tr\/wp-json\/wp\/v2\/types\/page"}],"author":[{"embeddable":true,"href":"https:\/\/taizypacking.com\/tr\/wp-json\/wp\/v2\/users\/1"}],"replies":[{"embeddable":true,"href":"https:\/\/taizypacking.com\/tr\/wp-json\/wp\/v2\/comments?post=3"}],"version-history":[{"count":0,"href":"https:\/\/taizypacking.com\/tr\/wp-json\/wp\/v2\/pages\/3\/revisions"}],"wp:attachment":[{"href":"https:\/\/taizypacking.com\/tr\/wp-json\/wp\/v2\/media?parent=3"}],"curies":[{"name":"wp","href":"https:\/\/api.w.org\/{rel}","templated":true}]}}