{"id":3,"date":"2020-08-19T07:32:06","date_gmt":"2020-08-19T07:32:06","guid":{"rendered":"https:\/\/taizypacking.com\/?page_id=3"},"modified":"2020-09-24T02:27:44","modified_gmt":"2020-09-24T02:27:44","slug":"privacy-policy","status":"publish","type":"page","link":"https:\/\/taizypacking.com\/sw\/privacy-policy\/","title":{"rendered":"Sera ya Faragha"},"content":{"rendered":"<h2 class=\"wp-block-heading\">Sisi ni nani<\/h2>    <p>Anwani ya tovuti yetu ni: https:\/\/taizypacking.com.<\/p>    <h2 class=\"wp-block-heading\">Vilka personuppgifter vi samlar in och varf\u00f6r vi samlar in dem<\/h2>    <h3 class=\"wp-block-heading\">Maoni<\/h3>    <p>Wakitumiaji wanaoacha maoni kwenye tovuti tunakusanya data iliyowekwa kwenye fomu ya maoni, pamoja na anwani ya IP ya mgeni na kamba ya user agent ya kivinjari kusaidia kugundua taka (spam).<\/p>    <p>Kamba isiyokuwa ya kujulikana iliyotokana na anwani yako ya barua pepe (inayoitwa pia hash) inaweza kutumwa kwa huduma ya Gravatar ili kuona kama unaitumia. Sera ya faragha ya huduma ya Gravatar inapatikana hapa: https:\/\/automattic.com\/privacy\/. Baada ya maoni yako kuidhinishwa, picha yako ya wasifu itaonekana kwa umma katika muktadha wa maoni yako.<\/p>    <h3 class=\"wp-block-heading\">Vyombo vya habari<\/h3>    <p>Ukiweka picha kwenye tovuti, unapaswa kuepuka kupakia picha zilizo na data za eneo zilizoingizwa (EXIF GPS). Wageni wa tovuti wanaweza kupakua na kutoa data yoyote ya eneo kutoka kwa picha kwenye tovuti.<\/p>    <h3 class=\"wp-block-heading\">Kontaktformul\u00e4r<\/h3>    <h3 class=\"wp-block-heading\">Vidakuzi (Cookies)<\/h3>    <p>Ukiacha maoni kwenye tovuti yetu unaweza kuchagua kuhifadhi jina lako, anwani ya barua pepe na tovuti katika vidakuzi. Hii ni kwa ajili ya urahisi wako ili usilazimike kujaza maelezo yako tena wakati unaacha maoni mengine. Vidakuzi hivi vitadumu kwa mwaka mmoja.<\/p>    <p>Ukitembelea ukurasa wetu wa kuingia, tutaweka cookie ya muda ili kubaini kama kivinjari chako kinakubali vidakuzi. Cookie hii haina data binafsi na inatupwa unapoacha kivinjari chako.<\/p>    <p>N\u00e4r du loggar in kommer vi ocks\u00e5 att s\u00e4tta upp flera cookies f\u00f6r att spara din inloggningsinformation och dina sk\u00e4rmvisningsval. Inloggningscookies varar i tv\u00e5 dagar, och cookies f\u00f6r sk\u00e4rmvisningar varar i ett \u00e5r. Om du v\u00e4ljer \u201cRemember Me\u201d, kommer din inloggning att vara kvar i tv\u00e5 veckor. Om du loggar ut ur ditt konto tas inloggningscookies bort.<\/p>    <p>Ukihariri au kuchapisha makala, cookie ya ziada itawekwa kwenye kivinjari chako. Cookie hii haina data binafsi na inaonyesha tu kitambulisho (post ID) cha makala uliyohariri hivi karibuni. Inatoweka baada ya siku 1.<\/p>    <h3 class=\"wp-block-heading\">Yaliyowekwa kutoka kwa tovuti zingine<\/h3>    <p>Makala kwenye tovuti hii yanaweza kujumuisha yaliyowekwa (kwa mfano video, picha, makala, n.k.). Yaliyowekwa kutoka kwa tovuti zingine yanafanya hivyo kwa njia ile ile kama ilivyo kama mgeni amemtembelea tovuti ile ile.<\/p>    <p>Tovuti hizi zinaweza kukusanya data kuhusu wewe, kutumia vidakuzi, kuingiza ufuatiliaji wa upande wa tatu, na kufuatilia mwingiliano wako na yaliyowekwa hayo, ikiwemo kufuatilia mwingiliano wako na yaliyowekwa ikiwa una akaunti na umeingia kwenye tovuti hiyo.<\/p>    <h3 class=\"wp-block-heading\">Analys<\/h3>    <h2 class=\"wp-block-heading\">Tunakuwashirikisha nani data yako pamoja nao<\/h2>    <h2 class=\"wp-block-heading\">Muda tunaohifadhi data yako<\/h2>    <p>Ukiwaacha maoni, maoni na metadata yake zinahifadhiwa bila kikomo. Hii ni ili tuweze kutambua na kuidhinisha maoni yoyote ya ufuatiliaji moja kwa moja badala ya kuyashikilia katika foleni ya udhibiti.<\/p>    <p>Kwa watumiaji wanaojiandikisha kwenye tovuti yetu (ikiwa wapo), pia tunahifadhi taarifa binafsi wanazotoa kwenye wasifu wao wa mtumiaji. Watumiaji wote wanaweza kuona, kuhariri, au kufuta taarifa zao binafsi wakati wowote (isipokuwa hawawezi kubadilisha jina la mtumiaji). Wasimamizi wa tovuti pia wanaweza kuona na kuhariri taarifa hizo.<\/p>    <h2 class=\"wp-block-heading\">Haki zako juu ya data yako<\/h2>    <p>Ikiwa una akaunti kwenye tovuti hii, au umeacha maoni, unaweza kuomba kupokea faili iliyotumwa ya data binafsi tunazomiliki kuhusu wewe, ikiwa ni pamoja na data yoyote uliyotupatia. Pia unaweza kuomba tufute data binafsi yoyote tunayoihifadhi kuhusu wewe. Hii haijumuishi data yoyote tuliyoamrishwa kuihifadhi kwa sababu za utawala, kisheria, au usalama.<\/p>    <h2 class=\"wp-block-heading\">Vart vi skickar dina uppgifter<\/h2>    <p>Maoni ya wageni yanaweza kukaguliwa kupitia huduma ya otomatiki ya kugundua taka (spam).<\/p>    <h2 class=\"wp-block-heading\">Din kontaktinformation<\/h2>    <h2 class=\"wp-block-heading\">Ytterligare information<\/h2>    <h3 class=\"wp-block-heading\">Hur vi skyddar dina uppgifter<\/h3>    <h3 class=\"wp-block-heading\">Vilka rutiner f\u00f6r dataintr\u00e5ng vi har<\/h3>    <h3 class=\"wp-block-heading\">Fr\u00e5n vilka tredje parter vi tar emot uppgifter<\/h3>    <h3 class=\"wp-block-heading\">Vilka automatiska beslut och\/eller profilering vi g\u00f6r med anv\u00e4ndardata<\/h3>    <h3 class=\"wp-block-heading\">Krav p\u00e5 regulatoriskt offentligg\u00f6rande inom branschen<\/h3>","protected":false},"excerpt":{"rendered":"<p>Who we are Our website address is: https:\/\/taizypacking.com. What personal data we collect and why we collect it Comments When visitors leave comments on the site we collect the data shown in the comments form, and also the visitor\u2019s IP address and browser user agent string to help spam detection. An anonymized string created from [&hellip;]<\/p>\n","protected":false},"author":1,"featured_media":0,"parent":0,"menu_order":0,"comment_status":"closed","ping_status":"open","template":"","meta":{"_acf_changed":false,"footnotes":""},"class_list":["post-3","page","type-page","status-publish","hentry"],"acf":[],"_links":{"self":[{"href":"https:\/\/taizypacking.com\/sw\/wp-json\/wp\/v2\/pages\/3","targetHints":{"allow":["GET"]}}],"collection":[{"href":"https:\/\/taizypacking.com\/sw\/wp-json\/wp\/v2\/pages"}],"about":[{"href":"https:\/\/taizypacking.com\/sw\/wp-json\/wp\/v2\/types\/page"}],"author":[{"embeddable":true,"href":"https:\/\/taizypacking.com\/sw\/wp-json\/wp\/v2\/users\/1"}],"replies":[{"embeddable":true,"href":"https:\/\/taizypacking.com\/sw\/wp-json\/wp\/v2\/comments?post=3"}],"version-history":[{"count":0,"href":"https:\/\/taizypacking.com\/sw\/wp-json\/wp\/v2\/pages\/3\/revisions"}],"wp:attachment":[{"href":"https:\/\/taizypacking.com\/sw\/wp-json\/wp\/v2\/media?parent=3"}],"curies":[{"name":"wp","href":"https:\/\/api.w.org\/{rel}","templated":true}]}}