{"id":3,"date":"2020-08-19T07:32:06","date_gmt":"2020-08-19T07:32:06","guid":{"rendered":"https:\/\/taizypacking.com\/?page_id=3"},"modified":"2020-09-24T02:27:44","modified_gmt":"2020-09-24T02:27:44","slug":"privacy-policy","status":"publish","type":"page","link":"https:\/\/taizypacking.com\/pt_pt\/privacy-policy\/","title":{"rendered":"Pol\u00edtica de Privacidade"},"content":{"rendered":"<h2 class=\"wp-block-heading\">Quem somos<\/h2>    <p>O endere\u00e7o do nosso site \u00e9: https:\/\/taizypacking.com.<\/p>    <h2 class=\"wp-block-heading\">Que dados pessoais recolhemos e por que os recolhemos<\/h2>    <h3 class=\"wp-block-heading\">Coment\u00e1rios<\/h3>    <p>Quando os visitantes deixam coment\u00e1rios no site, recolhemos os dados apresentados no formul\u00e1rio de coment\u00e1rios, bem como o endere\u00e7o IP do visitante e a string do agente de utilizador do navegador para ajudar na dete\u00e7\u00e3o de spam.<\/p>    <p>Uma string anonimizada criada a partir do seu endere\u00e7o de email (tamb\u00e9m chamada hash) pode ser fornecida ao servi\u00e7o Gravatar para verificar se o est\u00e1 a utilizar. A pol\u00edtica de privacidade do servi\u00e7o Gravatar est\u00e1 dispon\u00edvel aqui: https:\/\/automattic.com\/privacy\/. Ap\u00f3s a aprova\u00e7\u00e3o do seu coment\u00e1rio, a sua fotografia de perfil torna-se vis\u00edvel ao p\u00fablico no contexto do seu coment\u00e1rio.<\/p>    <h3 class=\"wp-block-heading\">Multim\u00e9dia<\/h3>    <p>Se carregar imagens para o website, dever\u00e1 evitar carregar imagens com dados de localiza\u00e7\u00e3o incorporados (EXIF GPS). Os visitantes do website podem descarregar e extrair quaisquer dados de localiza\u00e7\u00e3o das imagens no site.<\/p>    <h3 class=\"wp-block-heading\">Formul\u00e1rios de contacto<\/h3>    <h3 class=\"wp-block-heading\">Cookies<\/h3>    <p>Se deixar um coment\u00e1rio no nosso site, pode optar por guardar o seu nome, endere\u00e7o de email e website em cookies. Estes destinam-se \u00e0 sua conveni\u00eancia para que n\u00e3o tenha de preencher os seus dados novamente quando deixar outro coment\u00e1rio. Estes cookies duram um ano.<\/p>    <p>Se visitar a nossa p\u00e1gina de in\u00edcio de sess\u00e3o, iremos definir um cookie tempor\u00e1rio para determinar se o seu navegador aceita cookies. Este cookie n\u00e3o cont\u00e9m dados pessoais e \u00e9 descartado quando fecha o navegador.<\/p>    <p>Quando iniciar sess\u00e3o, tamb\u00e9m definiremos v\u00e1rios cookies para guardar as suas informa\u00e7\u00f5es de login e as suas op\u00e7\u00f5es de exibi\u00e7\u00e3o do ecr\u00e3. Os cookies de login duram dois dias, e os cookies de op\u00e7\u00f5es de exibi\u00e7\u00e3o duram um ano. Se selecionar \u201cLembrar-me\u201d, o seu login permanecer\u00e1 ativo por duas semanas. Se sair da sua conta, os cookies de login ser\u00e3o removidos.<\/p>    <p>Se editar ou publicar um artigo, um cookie adicional ser\u00e1 guardado no seu navegador. Este cookie n\u00e3o inclui dados pessoais e simplesmente indica o ID da publica\u00e7\u00e3o do artigo que acabou de editar. Expira ap\u00f3s 1 dia.<\/p>    <h3 class=\"wp-block-heading\">Conte\u00fado incorporado de outros websites<\/h3>    <p>Os artigos neste site podem incluir conte\u00fado incorporado (por exemplo, v\u00eddeos, imagens, artigos, etc.). O conte\u00fado incorporado de outros websites comporta-se exatamente da mesma forma como se o visitante tivesse visitado o outro website.<\/p>    <p>Estes websites podem recolher dados sobre si, utilizar cookies, incorporar rastreio adicional de terceiros e monitorizar a sua intera\u00e7\u00e3o com esse conte\u00fado incorporado, incluindo rastrear a sua intera\u00e7\u00e3o com o conte\u00fado incorporado se tiver uma conta e estiver autenticado nesse website.<\/p>    <h3 class=\"wp-block-heading\">An\u00e1lises<\/h3>    <h2 class=\"wp-block-heading\">Com quem partilhamos os seus dados<\/h2>    <h2 class=\"wp-block-heading\">Por quanto tempo retemos os seus dados<\/h2>    <p>Se deixar um coment\u00e1rio, o coment\u00e1rio e os seus metadados s\u00e3o conservados indefinidamente. Isto \u00e9 para que possamos reconhecer e aprovar automaticamente quaisquer coment\u00e1rios subsequentes, em vez de os manter numa fila de modera\u00e7\u00e3o.<\/p>    <p>Para os utilizadores que se registam no nosso website (se houver), tamb\u00e9m armazenamos a informa\u00e7\u00e3o pessoal que fornecem no respetivo perfil de utilizador. Todos os utilizadores podem ver, editar ou eliminar a sua informa\u00e7\u00e3o pessoal a qualquer momento (exceto que n\u00e3o podem alterar o nome de utilizador). Os administradores do website tamb\u00e9m podem ver e editar essa informa\u00e7\u00e3o.<\/p>    <h2 class=\"wp-block-heading\">Que direitos tem sobre os seus dados<\/h2>    <p>Se tiver uma conta neste site, ou tiver deixado coment\u00e1rios, pode pedir para receber um ficheiro exportado dos dados pessoais que detemos sobre si, incluindo quaisquer dados que nos tenha fornecido. Pode tamb\u00e9m solicitar que apaguemos quaisquer dados pessoais que detenhamos sobre si. Isto n\u00e3o inclui quaisquer dados que sejamos obrigados a manter por motivos administrativos, legais ou de seguran\u00e7a.<\/p>    <h2 class=\"wp-block-heading\">Para onde enviamos os seus dados<\/h2>    <p>Os coment\u00e1rios dos visitantes podem ser verificados atrav\u00e9s de um servi\u00e7o autom\u00e1tico de dete\u00e7\u00e3o de spam.<\/p>    <h2 class=\"wp-block-heading\">As suas informa\u00e7\u00f5es de contacto<\/h2>    <h2 class=\"wp-block-heading\">Informa\u00e7\u00e3o adicional<\/h2>    <h3 class=\"wp-block-heading\">Como protegemos os seus dados<\/h3>    <h3 class=\"wp-block-heading\">Quais procedimentos de viola\u00e7\u00e3o de dados temos em vigor<\/h3>    <h3 class=\"wp-block-heading\">De quais terceiros recebemos dados<\/h3>    <h3 class=\"wp-block-heading\">Que tomadas de decis\u00e3o automatizadas e\/ou perfilamento fazemos com os dados dos utilizadores<\/h3>    <h3 class=\"wp-block-heading\">Exig\u00eancias regulat\u00f3rias de divulga\u00e7\u00e3o setoriais<\/h3>","protected":false},"excerpt":{"rendered":"<p>Who we are Our website address is: https:\/\/taizypacking.com. What personal data we collect and why we collect it Comments When visitors leave comments on the site we collect the data shown in the comments form, and also the visitor\u2019s IP address and browser user agent string to help spam detection. An anonymized string created from [&hellip;]<\/p>\n","protected":false},"author":1,"featured_media":0,"parent":0,"menu_order":0,"comment_status":"closed","ping_status":"open","template":"","meta":{"_acf_changed":false,"footnotes":""},"class_list":["post-3","page","type-page","status-publish","hentry"],"acf":[],"_links":{"self":[{"href":"https:\/\/taizypacking.com\/pt_pt\/wp-json\/wp\/v2\/pages\/3","targetHints":{"allow":["GET"]}}],"collection":[{"href":"https:\/\/taizypacking.com\/pt_pt\/wp-json\/wp\/v2\/pages"}],"about":[{"href":"https:\/\/taizypacking.com\/pt_pt\/wp-json\/wp\/v2\/types\/page"}],"author":[{"embeddable":true,"href":"https:\/\/taizypacking.com\/pt_pt\/wp-json\/wp\/v2\/users\/1"}],"replies":[{"embeddable":true,"href":"https:\/\/taizypacking.com\/pt_pt\/wp-json\/wp\/v2\/comments?post=3"}],"version-history":[{"count":0,"href":"https:\/\/taizypacking.com\/pt_pt\/wp-json\/wp\/v2\/pages\/3\/revisions"}],"wp:attachment":[{"href":"https:\/\/taizypacking.com\/pt_pt\/wp-json\/wp\/v2\/media?parent=3"}],"curies":[{"name":"wp","href":"https:\/\/api.w.org\/{rel}","templated":true}]}}