{"id":31,"date":"2020-09-17T08:00:34","date_gmt":"2020-09-17T08:00:34","guid":{"rendered":"https:\/\/taizypacking.com\/?page_id=31"},"modified":"2025-09-10T15:57:40","modified_gmt":"2025-09-10T07:57:40","slug":"about-us","status":"publish","type":"page","link":"https:\/\/taizypacking.com\/pt\/about-us\/","title":{"rendered":"Sobre n\u00f3s"},"content":{"rendered":"<div data-elementor-type=\"wp-page\" data-elementor-id=\"31\" class=\"elementor elementor-31\" data-elementor-post-type=\"page\"> \t\t\t\t\t\t<section class=\"elementor-section elementor-top-section elementor-element elementor-element-56572ed elementor-section-full_width elementor-section-height-min-height elementor-section-height-default elementor-section-items-middle\" data-id=\"56572ed\" data-element_type=\"section\" data-e-type=\"section\" data-settings=\"{&quot;background_background&quot;:&quot;classic&quot;}\"> \t\t\t\t\t\t<div class=\"elementor-container elementor-column-gap-default\"> \t\t\t\t\t<div class=\"elementor-column elementor-col-100 elementor-top-column elementor-element elementor-element-1288b11\" data-id=\"1288b11\" data-element_type=\"column\" data-e-type=\"column\"> \t\t\t<div class=\"elementor-widget-wrap elementor-element-populated\"> \t\t\t\t\t\t<div class=\"elementor-element elementor-element-45f47d0 elementor-widget elementor-widget-heading\" data-id=\"45f47d0\" data-element_type=\"widget\" data-e-type=\"widget\" data-widget_type=\"heading.default\"> \t\t\t\t\t<h1 class=\"elementor-heading-title elementor-size-default\">Taizy Machinery Co.<\/h1>\t\t\t\t<\/div> \t\t\t\t\t<\/div> \t\t<\/div> \t\t\t\t\t<\/div> \t\t<\/section> \t\t<div class=\"elementor-element elementor-element-1667671 e-flex e-con-boxed e-con e-parent\" data-id=\"1667671\" data-element_type=\"container\" data-e-type=\"container\"> \t\t\t\t\t<div class=\"e-con-inner\"> \t\t\t\t<div class=\"elementor-element elementor-element-d2542a2 elementor-widget elementor-widget-heading\" data-id=\"d2542a2\" data-element_type=\"widget\" data-e-type=\"widget\" data-widget_type=\"heading.default\"> \t\t\t\t\t<h2 class=\"elementor-heading-title elementor-size-default\">Quem somos?<\/h2>\t\t\t\t<\/div> \t\t\t\t<div class=\"elementor-element elementor-element-d01eb20 elementor-widget__width-initial elementor-widget elementor-widget-text-editor\" data-id=\"d01eb20\" data-element_type=\"widget\" data-e-type=\"widget\" data-widget_type=\"text-editor.default\"> \t\t\t\t\t\t\t\t\t<p>Taizy Packaging Machinery \u00e9 um fabricante profissional dedicado a fornecer solu\u00e7\u00f5es completas de embalagem para produtos l\u00edquidos, pastosos, em p\u00f3 e em gr\u00e2nulos s\u00f3lidos. Temos nossa pr\u00f3pria f\u00e1brica e instala\u00e7\u00f5es avan\u00e7adas, garantindo controle de qualidade rigoroso, capacidade de produ\u00e7\u00e3o confi\u00e1vel e inova\u00e7\u00e3o cont\u00ednua.<\/p>\t\t\t\t\t\t\t\t<\/div> \t\t\t\t\t<\/div> \t\t\t\t<\/div> \t\t<div class=\"elementor-element elementor-element-9a5d343 e-grid e-con-boxed e-con e-parent\" data-id=\"9a5d343\" data-element_type=\"container\" data-e-type=\"container\"> \t\t\t\t\t<div class=\"e-con-inner\"> \t\t\t\t<div class=\"elementor-element elementor-element-deaa9df elementor-widget elementor-widget-image\" data-id=\"deaa9df\" data-element_type=\"widget\" data-e-type=\"widget\" data-widget_type=\"image.default\"> \t\t\t\t\t\t\t\t\t\t\t\t\t\t\t<img fetchpriority=\"high\" decoding=\"async\" width=\"720\" height=\"540\" src=\"https:\/\/taizypacking.com\/wp-content\/uploads\/2025\/09\/Taizy-factory-1.webp\" class=\"attachment-large size-large wp-image-11042\" alt=\"F\u00e1brica Taizy\" srcset=\"https:\/\/taizypacking.com\/wp-content\/uploads\/2025\/09\/Taizy-factory-1.webp 720w, https:\/\/taizypacking.com\/wp-content\/uploads\/2025\/09\/Taizy-factory-1-300x225.webp 300w, https:\/\/taizypacking.com\/wp-content\/uploads\/2025\/09\/Taizy-factory-1-16x12.webp 16w\" sizes=\"(max-width: 720px) 100vw, 720px\" title=\"\">\t\t\t\t\t\t\t\t\t\t\t\t\t\t\t<\/div> \t\t\t\t<div class=\"elementor-element elementor-element-f0ad056 elementor-widget elementor-widget-image\" data-id=\"f0ad056\" data-element_type=\"widget\" data-e-type=\"widget\" data-widget_type=\"image.default\"> \t\t\t\t\t\t\t\t\t\t\t\t\t\t\t<img decoding=\"async\" width=\"720\" height=\"540\" src=\"https:\/\/taizypacking.com\/wp-content\/uploads\/2025\/09\/Taizy-source-factory.webp\" class=\"attachment-large size-large wp-image-11043\" alt=\"F\u00e1brica de origem Taizy\" srcset=\"https:\/\/taizypacking.com\/wp-content\/uploads\/2025\/09\/Taizy-source-factory.webp 720w, https:\/\/taizypacking.com\/wp-content\/uploads\/2025\/09\/Taizy-source-factory-300x225.webp 300w, https:\/\/taizypacking.com\/wp-content\/uploads\/2025\/09\/Taizy-source-factory-16x12.webp 16w\" sizes=\"(max-width: 720px) 100vw, 720px\" title=\"\">\t\t\t\t\t\t\t\t\t\t\t\t\t\t\t<\/div> \t\t\t\t\t<\/div> \t\t\t\t<\/div> \t\t<div class=\"elementor-element elementor-element-0811635 e-flex e-con-boxed e-con e-parent\" data-id=\"0811635\" data-element_type=\"container\" data-e-type=\"container\"> \t\t\t\t\t<div class=\"e-con-inner\"> \t\t\t\t<div class=\"elementor-element elementor-element-fca2a19 elementor-widget elementor-widget-heading\" data-id=\"fca2a19\" data-element_type=\"widget\" data-e-type=\"widget\" data-widget_type=\"heading.default\"> \t\t\t\t\t<h2 class=\"elementor-heading-title elementor-size-default\">E quanto a n\u00f3s?<\/h2>\t\t\t\t<\/div> \t\t\t\t<div class=\"elementor-element elementor-element-c567bc2 elementor-widget elementor-widget-text-editor\" data-id=\"c567bc2\" data-element_type=\"widget\" data-e-type=\"widget\" data-widget_type=\"text-editor.default\"> \t\t\t\t\t\t\t\t\t<p>A Taizy obteve certifica\u00e7\u00f5es SGS, ISO, TuV, CE, BV e outras. A empresa tamb\u00e9m foi classificada como \u201cEmpresa que Honra Contratos e Mant\u00e9m Promessas\u201d e \u201cEmpresa Avan\u00e7ada em Seguran\u00e7a de Produ\u00e7\u00e3o\u201d na prov\u00edncia de Henan.<\/p>\t\t\t\t\t\t\t\t<\/div> \t\t<div class=\"elementor-element elementor-element-7bc419b e-grid e-con-full e-con e-child\" data-id=\"7bc419b\" data-element_type=\"container\" data-e-type=\"container\"> \t\t\t\t<div class=\"elementor-element elementor-element-e59d1c4 elementor-widget elementor-widget-image\" data-id=\"e59d1c4\" data-element_type=\"widget\" data-e-type=\"widget\" data-widget_type=\"image.default\"> \t\t\t\t\t\t\t\t\t\t\t\t\t\t\t<img decoding=\"async\" width=\"800\" height=\"298\" src=\"https:\/\/taizypacking.com\/wp-content\/uploads\/2025\/09\/certifications-of-Taizy.jpg\" class=\"attachment-large size-large wp-image-11044\" alt=\"certifica\u00e7\u00f5es da Taizy\" srcset=\"https:\/\/taizypacking.com\/wp-content\/uploads\/2025\/09\/certifications-of-Taizy.jpg 1024w, https:\/\/taizypacking.com\/wp-content\/uploads\/2025\/09\/certifications-of-Taizy-300x112.jpg 300w, https:\/\/taizypacking.com\/wp-content\/uploads\/2025\/09\/certifications-of-Taizy-768x286.jpg 768w, https:\/\/taizypacking.com\/wp-content\/uploads\/2025\/09\/certifications-of-Taizy-18x7.jpg 18w\" sizes=\"(max-width: 800px) 100vw, 800px\" title=\"\">\t\t\t\t\t\t\t\t\t\t\t\t\t\t\t<\/div> \t\t\t\t<\/div> \t\t\t\t<div class=\"elementor-element elementor-element-f238c92 elementor-widget elementor-widget-heading\" data-id=\"f238c92\" data-element_type=\"widget\" data-e-type=\"widget\" data-widget_type=\"heading.default\"> \t\t\t\t\t<h2 class=\"elementor-heading-title elementor-size-default\"><span style=\"font-weight: 500\">O que fazemos?<\/span><\/h2>\t\t\t\t<\/div> \t\t\t\t<div class=\"elementor-element elementor-element-e74c685 elementor-widget elementor-widget-text-editor\" data-id=\"e74c685\" data-element_type=\"widget\" data-e-type=\"widget\" data-widget_type=\"text-editor.default\"> \t\t\t\t\t\t\t\t\t<p>As m\u00e1quinas de embalagem Taizy s\u00e3o amplamente utilizadas nas ind\u00fastrias de alimentos e bebidas, farmac\u00eautica, cosm\u00e9tica, higiene pessoal e agr\u00edcola. Temos uma equipe de engenheiros e t\u00e9cnicos experientes que fornecem equipamentos de alta qualidade, servi\u00e7o profissional e suporte t\u00e9cnico. Trabalhamos em estreita colabora\u00e7\u00e3o com parceiros e clientes ao redor do mundo para oferecer uma ampla variedade de m\u00e1quinas de embalagem que atendam \u00e0s diversas necessidades do mercado.<\/p>\t\t\t\t\t\t\t\t<\/div> \t\t\t\t\t<\/div> \t\t\t\t<\/div> \t\t<div class=\"elementor-element elementor-element-0e0938e e-grid e-con-full e-con e-parent\" data-id=\"0e0938e\" data-element_type=\"container\" data-e-type=\"container\"> \t\t\t\t<div class=\"elementor-element elementor-element-d07c8e3 elementor-widget elementor-widget-image\" data-id=\"d07c8e3\" data-element_type=\"widget\" data-e-type=\"widget\" data-widget_type=\"image.default\"> \t\t\t\t\t\t\t\t\t\t\t\t\t\t\t<img loading=\"lazy\" decoding=\"async\" width=\"720\" height=\"540\" src=\"https:\/\/taizypacking.com\/wp-content\/uploads\/2025\/09\/Taizys-clients-worldwide.webp\" class=\"attachment-large size-large wp-image-11045\" alt=\"Clientes da Taizy no mundo todo\" srcset=\"https:\/\/taizypacking.com\/wp-content\/uploads\/2025\/09\/Taizys-clients-worldwide.webp 720w, https:\/\/taizypacking.com\/wp-content\/uploads\/2025\/09\/Taizys-clients-worldwide-300x225.webp 300w, https:\/\/taizypacking.com\/wp-content\/uploads\/2025\/09\/Taizys-clients-worldwide-16x12.webp 16w\" sizes=\"(max-width: 720px) 100vw, 720px\" title=\"\">\t\t\t\t\t\t\t\t\t\t\t\t\t\t\t<\/div> \t\t\t\t<\/div> \t\t<div class=\"elementor-element elementor-element-76cf308 e-flex e-con-boxed e-con e-parent\" data-id=\"76cf308\" data-element_type=\"container\" data-e-type=\"container\"> \t\t\t\t\t<div class=\"e-con-inner\"> \t\t\t\t<div class=\"elementor-element elementor-element-26884cd elementor-widget elementor-widget-text-editor\" data-id=\"26884cd\" data-element_type=\"widget\" data-e-type=\"widget\" data-widget_type=\"text-editor.default\"> \t\t\t\t\t\t\t\t\t<h4>Taizy est\u00e1 comprometida em se tornar seu parceiro de embalagens de confian\u00e7a, oferecendo efici\u00eancia, confiabilidade e valor.<\/h4>\t\t\t\t\t\t\t\t<\/div> \t\t\t\t\t<\/div> \t\t\t\t<\/div> \t\t\t\t<\/div>","protected":false},"excerpt":{"rendered":"<p>Taizy Machinery Co. LTD Who are we ? Taizy Packaging Machinery is a professional manufacturer dedicated to providing complete packaging solutions for liquid, paste, powder, and solid granule products. We have our own factory and advanced facilities, ensuring strict quality control, reliable production capacity, and continuous innovation. How about us? Taizy has passed SGS, ISO, [&hellip;]<\/p>\n","protected":false},"author":1,"featured_media":0,"parent":0,"menu_order":0,"comment_status":"closed","ping_status":"closed","template":"","meta":{"_acf_changed":false,"footnotes":""},"class_list":["post-31","page","type-page","status-publish","hentry"],"acf":[],"_links":{"self":[{"href":"https:\/\/taizypacking.com\/pt\/wp-json\/wp\/v2\/pages\/31","targetHints":{"allow":["GET"]}}],"collection":[{"href":"https:\/\/taizypacking.com\/pt\/wp-json\/wp\/v2\/pages"}],"about":[{"href":"https:\/\/taizypacking.com\/pt\/wp-json\/wp\/v2\/types\/page"}],"author":[{"embeddable":true,"href":"https:\/\/taizypacking.com\/pt\/wp-json\/wp\/v2\/users\/1"}],"replies":[{"embeddable":true,"href":"https:\/\/taizypacking.com\/pt\/wp-json\/wp\/v2\/comments?post=31"}],"version-history":[{"count":0,"href":"https:\/\/taizypacking.com\/pt\/wp-json\/wp\/v2\/pages\/31\/revisions"}],"wp:attachment":[{"href":"https:\/\/taizypacking.com\/pt\/wp-json\/wp\/v2\/media?parent=31"}],"curies":[{"name":"wp","href":"https:\/\/api.w.org\/{rel}","templated":true}]}}