{"id":3,"date":"2020-08-19T07:32:06","date_gmt":"2020-08-19T07:32:06","guid":{"rendered":"https:\/\/taizypacking.com\/?page_id=3"},"modified":"2020-09-24T02:27:44","modified_gmt":"2020-09-24T02:27:44","slug":"privacy-policy","status":"publish","type":"page","link":"https:\/\/taizypacking.com\/pl\/privacy-policy\/","title":{"rendered":"Polityka prywatno\u015bci"},"content":{"rendered":"<h2 class=\"wp-block-heading\">Kim jeste\u015bmy<\/h2>    <p>Nasz adres strony internetowej to: https:\/\/taizypacking.com.<\/p>    <h2 class=\"wp-block-heading\">Jakie dane osobowe zbieramy i dlaczego je zbieramy<\/h2>    <h3 class=\"wp-block-heading\">Komentarze<\/h3>    <p>Kiedy odwiedzaj\u0105cy zostawiaj\u0105 komentarze na stronie zbieramy dane pokazane w formularzu komentarza, a tak\u017ce adres IP odwiedzaj\u0105cego i ci\u0105g user agenta przegl\u0105darki, aby pom\u00f3c w wykrywaniu spamu.<\/p>    <p>Zanonimizowany ci\u0105g stworzony z twojego adresu e-mail (zwany te\u017c hashem) mo\u017ce zosta\u0107 przekazany do us\u0142ugi Gravatar, aby sprawdzi\u0107, czy jej u\u017cywasz. Polityka prywatno\u015bci us\u0142ugi Gravatar jest dost\u0119pna tutaj: https:\/\/automattic.com\/privacy\/. Po zatwierdzeniu komentarza twoje zdj\u0119cie profilowe b\u0119dzie widoczne publicznie w kontek\u015bcie twojego komentarza.<\/p>    <h3 class=\"wp-block-heading\">Media<\/h3>    <p>Je\u015bli przesy\u0142asz obrazy na stron\u0119, powiniene\u015b unika\u0107 przesy\u0142ania obraz\u00f3w z osadzonymi danymi lokalizacji (EXIF GPS). Odwiedzaj\u0105cy stron\u0119 mog\u0105 pobra\u0107 i wyodr\u0119bni\u0107 wszelkie dane lokalizacyjne z obraz\u00f3w na stronie.<\/p>    <h3 class=\"wp-block-heading\">Formularze kontaktowe<\/h3>    <h3 class=\"wp-block-heading\">Ciasteczka<\/h3>    <p>Je\u015bli zostawisz komentarz na naszej stronie mo\u017cesz zgodzi\u0107 si\u0119 na zapisanie twojego imienia, adresu e-mail i strony internetowej w ciasteczkach. Ma to na celu wygod\u0119, aby nie musie\u0107 ponownie wprowadza\u0107 danych przy pozostawianiu kolejnego komentarza. Te ciasteczka b\u0119d\u0105 wa\u017cne przez rok.<\/p>    <p>Je\u015bli odwiedzisz nasz\u0105 stron\u0119 logowania, ustawimy tymczasowe ciasteczko, aby sprawdzi\u0107, czy twoja przegl\u0105darka akceptuje ciasteczka. To ciasteczko nie zawiera danych osobowych i jest usuwane po zamkni\u0119ciu przegl\u0105darki.<\/p>    <p>Gdy si\u0119 zalogujesz, ustawimy r\u00f3wnie\u017c kilka plik\u00f3w cookie, aby zapisa\u0107 informacje o logowaniu i Twoje ustawienia wy\u015bwietlania ekranu. Pliki cookie logowania s\u0105 wa\u017cne przez dwa dni, a pliki cookie z opcjami ekranu przez rok. Je\u015bli wybierzesz \u201eRemember Me\u201d, Twoje logowanie b\u0119dzie utrzymywane przez dwa tygodnie. Je\u015bli wylogujesz si\u0119 ze swojego konta, pliki cookie logowania zostan\u0105 usuni\u0119te.<\/p>    <p>Je\u015bli edytujesz lub publikujesz artyku\u0142, dodatkowe ciasteczko zostanie zapisane w twojej przegl\u0105darce. To ciasteczko nie zawiera danych osobowych i po prostu wskazuje identyfikator posta artyku\u0142u, kt\u00f3ry w\u0142a\u015bnie edytowa\u0142e\u015b. Wygasa po 1 dniu.<\/p>    <h3 class=\"wp-block-heading\">Osadzona zawarto\u015b\u0107 z innych stron internetowych<\/h3>    <p>Artyku\u0142y na tej stronie mog\u0105 zawiera\u0107 osadzon\u0105 zawarto\u015b\u0107 (np. filmy, obrazy, artyku\u0142y itp.). Osadzona zawarto\u015b\u0107 z innych stron zachowuje si\u0119 dok\u0142adnie tak samo, jak gdyby odwiedzaj\u0105cy odwiedzi\u0142 t\u0119 inn\u0105 stron\u0119.<\/p>    <p>Te strony mog\u0105 zbiera\u0107 dane o tobie, u\u017cywa\u0107 ciasteczek, osadza\u0107 dodatkowe narz\u0119dzia \u015bledz\u0105ce stron trzecich oraz monitorowa\u0107 twoj\u0105 interakcj\u0119 z t\u0105 osadzon\u0105 zawarto\u015bci\u0105, w tym \u015bledzi\u0107 twoj\u0105 interakcj\u0119 z osadzon\u0105 zawarto\u015bci\u0105, je\u015bli masz konto i jeste\u015b zalogowany na tej stronie.<\/p>    <h3 class=\"wp-block-heading\">Analityka<\/h3>    <h2 class=\"wp-block-heading\">Z kim dzielimy si\u0119 twoimi danymi<\/h2>    <h2 class=\"wp-block-heading\">Jak d\u0142ugo przechowujemy twoje dane<\/h2>    <p>Je\u015bli zostawisz komentarz, komentarz i jego meta dane s\u0105 przechowywane bezterminowo. Ma to na celu mo\u017cliwo\u015b\u0107 automatycznego rozpoznawania i zatwierdzania kolejnych komentarzy zamiast trzymania ich w kolejce moderacji.<\/p>    <p>Dla u\u017cytkownik\u00f3w, kt\u00f3rzy rejestruj\u0105 si\u0119 na naszej stronie (je\u015bli tacy s\u0105), przechowujemy tak\u017ce informacje osobiste, kt\u00f3re podaj\u0105 w profilu u\u017cytkownika. Wszyscy u\u017cytkownicy mog\u0105 w dowolnym momencie zobaczy\u0107, edytowa\u0107 lub usun\u0105\u0107 swoje dane osobowe (z wyj\u0105tkiem tego, \u017ce nie mog\u0105 zmieni\u0107 swojej nazwy u\u017cytkownika). Administratorzy strony mog\u0105 r\u00f3wnie\u017c zobaczy\u0107 i edytowa\u0107 te informacje.<\/p>    <h2 class=\"wp-block-heading\">Jakie prawa masz w zwi\u0105zku ze swoimi danymi<\/h2>    <p>Je\u015bli masz konto na tej stronie lub zostawi\u0142e\u015b komentarze, mo\u017cesz poprosi\u0107 o otrzymanie eksportowanego pliku z danymi osobowymi, kt\u00f3re przechowujemy na tw\u00f3j temat, w tym wszelkimi danymi, kt\u00f3re nam poda\u0142e\u015b. Mo\u017cesz r\u00f3wnie\u017c za\u017c\u0105da\u0107, aby\u015bmy usun\u0119li wszelkie dane osobowe, kt\u00f3re przechowujemy na tw\u00f3j temat. Nie obejmuje to danych, kt\u00f3re jeste\u015bmy zobowi\u0105zani zachowa\u0107 w celach administracyjnych, prawnych lub bezpiecze\u0144stwa.<\/p>    <h2 class=\"wp-block-heading\">Gdzie wysy\u0142amy Twoje dane<\/h2>    <p>Komentarze odwiedzaj\u0105cych mog\u0105 by\u0107 sprawdzane za pomoc\u0105 zautomatyzowanej us\u0142ugi wykrywania spamu.<\/p>    <h2 class=\"wp-block-heading\">Twoje dane kontaktowe<\/h2>    <h2 class=\"wp-block-heading\">Dodatkowe informacje<\/h2>    <h3 class=\"wp-block-heading\">Jak chronimy Twoje dane<\/h3>    <h3 class=\"wp-block-heading\">Jakie procedury dotycz\u0105ce narusze\u0144 danych mamy wdro\u017cone<\/h3>    <h3 class=\"wp-block-heading\">Od jakich stron trzecich otrzymujemy dane<\/h3>    <h3 class=\"wp-block-heading\">Jakie zautomatyzowane podejmowanie decyzji i\/lub profilowanie wykonujemy na danych u\u017cytkownik\u00f3w<\/h3>    <h3 class=\"wp-block-heading\">Wymogi ujawniania wynikaj\u0105ce z regulacji bran\u017cowych<\/h3>","protected":false},"excerpt":{"rendered":"<p>Who we are Our website address is: https:\/\/taizypacking.com. What personal data we collect and why we collect it Comments When visitors leave comments on the site we collect the data shown in the comments form, and also the visitor\u2019s IP address and browser user agent string to help spam detection. An anonymized string created from [&hellip;]<\/p>\n","protected":false},"author":1,"featured_media":0,"parent":0,"menu_order":0,"comment_status":"closed","ping_status":"open","template":"","meta":{"_acf_changed":false,"footnotes":""},"class_list":["post-3","page","type-page","status-publish","hentry"],"acf":[],"_links":{"self":[{"href":"https:\/\/taizypacking.com\/pl\/wp-json\/wp\/v2\/pages\/3","targetHints":{"allow":["GET"]}}],"collection":[{"href":"https:\/\/taizypacking.com\/pl\/wp-json\/wp\/v2\/pages"}],"about":[{"href":"https:\/\/taizypacking.com\/pl\/wp-json\/wp\/v2\/types\/page"}],"author":[{"embeddable":true,"href":"https:\/\/taizypacking.com\/pl\/wp-json\/wp\/v2\/users\/1"}],"replies":[{"embeddable":true,"href":"https:\/\/taizypacking.com\/pl\/wp-json\/wp\/v2\/comments?post=3"}],"version-history":[{"count":0,"href":"https:\/\/taizypacking.com\/pl\/wp-json\/wp\/v2\/pages\/3\/revisions"}],"wp:attachment":[{"href":"https:\/\/taizypacking.com\/pl\/wp-json\/wp\/v2\/media?parent=3"}],"curies":[{"name":"wp","href":"https:\/\/api.w.org\/{rel}","templated":true}]}}