{"id":3,"date":"2020-08-19T07:32:06","date_gmt":"2020-08-19T07:32:06","guid":{"rendered":"https:\/\/taizypacking.com\/?page_id=3"},"modified":"2020-09-24T02:27:44","modified_gmt":"2020-09-24T02:27:44","slug":"privacy-policy","status":"publish","type":"page","link":"https:\/\/taizypacking.com\/fr\/privacy-policy\/","title":{"rendered":"Politique de confidentialit\u00e9"},"content":{"rendered":"<h2 class=\"wp-block-heading\">Qui nous sommes<\/h2>    <p>Notre adresse de site web est : https:\/\/taizypacking.com.<\/p>    <h2 class=\"wp-block-heading\">Quelles donn\u00e9es personnelles collectons-nous et pourquoi les collectons-nous<\/h2>    <h3 class=\"wp-block-heading\">Commentaires<\/h3>    <p>Lorsque les visiteurs laissent des commentaires sur le site, nous collectons les donn\u00e9es indiqu\u00e9es dans le formulaire de commentaires, ainsi que l'adresse IP du visiteur et la cha\u00eene user agent du navigateur pour aider \u00e0 la d\u00e9tection de spam.<\/p>    <p>Une cha\u00eene anonymis\u00e9e cr\u00e9\u00e9e \u00e0 partir de votre adresse e-mail (\u00e9galement appel\u00e9e hash) peut \u00eatre fournie au service Gravatar pour v\u00e9rifier si vous l'utilisez. La politique de confidentialit\u00e9 du service Gravatar est disponible ici\u00a0: https:\/\/automattic.com\/privacy\/. Apr\u00e8s approbation de votre commentaire, votre photo de profil est visible du public dans le contexte de votre commentaire.<\/p>    <h3 class=\"wp-block-heading\">M\u00e9dias<\/h3>    <p>Si vous t\u00e9l\u00e9chargez des images sur le site web, vous devriez \u00e9viter de t\u00e9l\u00e9verser des images contenant des donn\u00e9es de localisation int\u00e9gr\u00e9es (EXIF GPS). Les visiteurs du site peuvent t\u00e9l\u00e9charger et extraire toute donn\u00e9e de localisation des images sur le site.<\/p>    <h3 class=\"wp-block-heading\">Formulaires de contact<\/h3>    <h3 class=\"wp-block-heading\">Cookies<\/h3>    <p>Si vous laissez un commentaire sur notre site, vous pouvez choisir d'enregistrer votre nom, votre adresse e-mail et votre site web dans des cookies. Ceux-ci sont pour votre convenance afin que vous n'ayez pas \u00e0 ressaisir vos informations lorsque vous laissez un autre commentaire. Ces cookies dureront un an.<\/p>    <p>Si vous visitez notre page de connexion, nous \u00e9tablirons un cookie temporaire pour d\u00e9terminer si votre navigateur accepte les cookies. Ce cookie ne contient aucune donn\u00e9e personnelle et est supprim\u00e9 lorsque vous fermez votre navigateur.<\/p>    <p>Lorsque vous vous connectez, nous configurerons \u00e9galement plusieurs cookies pour enregistrer vos informations de connexion et vos choix d'affichage \u00e0 l'\u00e9cran. Les cookies de connexion durent deux jours, et les cookies d'options d'\u00e9cran durent un an. Si vous s\u00e9lectionnez \u00ab Remember Me \u00bb, votre connexion restera active pendant deux semaines. Si vous vous d\u00e9connectez de votre compte, les cookies de connexion seront supprim\u00e9s.<\/p>    <p>Si vous modifiez ou publiez un article, un cookie suppl\u00e9mentaire sera enregistr\u00e9 dans votre navigateur. Ce cookie n'inclut aucune donn\u00e9e personnelle et indique simplement l'ID de l'article que vous venez de modifier. Il expire apr\u00e8s 1 jour.<\/p>    <h3 class=\"wp-block-heading\">Contenu int\u00e9gr\u00e9 provenant d'autres sites web<\/h3>    <p>Les articles de ce site peuvent inclure du contenu int\u00e9gr\u00e9 (par exemple vid\u00e9os, images, articles, etc.). Le contenu int\u00e9gr\u00e9 provenant d'autres sites se comporte exactement de la m\u00eame mani\u00e8re que si le visiteur avait visit\u00e9 l'autre site.<\/p>    <p>Ces sites web peuvent collecter des donn\u00e9es vous concernant, utiliser des cookies, int\u00e9grer des outils de suivi tiers suppl\u00e9mentaires et surveiller votre interaction avec ce contenu int\u00e9gr\u00e9, y compris suivre votre interaction avec le contenu int\u00e9gr\u00e9 si vous avez un compte et \u00eates connect\u00e9 \u00e0 ce site.<\/p>    <h3 class=\"wp-block-heading\">Analytique<\/h3>    <h2 class=\"wp-block-heading\">Avec qui nous partageons vos donn\u00e9es<\/h2>    <h2 class=\"wp-block-heading\">Combien de temps nous conservons vos donn\u00e9es<\/h2>    <p>Si vous laissez un commentaire, le commentaire et ses m\u00e9tadonn\u00e9es sont conserv\u00e9s ind\u00e9finiment. Cela nous permet de reconna\u00eetre et d'approuver automatiquement tout commentaire de suivi au lieu de le placer dans une file de mod\u00e9ration.<\/p>    <p>Pour les utilisateurs qui s'enregistrent sur notre site (le cas \u00e9ch\u00e9ant), nous stockons \u00e9galement les informations personnelles qu'ils fournissent dans leur profil utilisateur. Tous les utilisateurs peuvent voir, modifier ou supprimer leurs informations personnelles \u00e0 tout moment (sauf qu'ils ne peuvent pas changer leur nom d'utilisateur). Les administrateurs du site peuvent \u00e9galement voir et modifier ces informations.<\/p>    <h2 class=\"wp-block-heading\">Quels droits vous avez sur vos donn\u00e9es<\/h2>    <p>Si vous avez un compte sur ce site, ou si vous avez laiss\u00e9 des commentaires, vous pouvez demander \u00e0 recevoir un fichier export\u00e9 des donn\u00e9es personnelles que nous d\u00e9tenons vous concernant, y compris toute donn\u00e9e que vous nous avez fournie. Vous pouvez \u00e9galement demander que nous effacions toutes les donn\u00e9es personnelles que nous d\u00e9tenons vous concernant. Cela n'inclut pas les donn\u00e9es que nous sommes oblig\u00e9s de conserver pour des raisons administratives, l\u00e9gales ou de s\u00e9curit\u00e9.<\/p>    <h2 class=\"wp-block-heading\">O\u00f9 nous envoyons vos donn\u00e9es<\/h2>    <p>Les commentaires des visiteurs peuvent \u00eatre v\u00e9rifi\u00e9s par un service automatis\u00e9 de d\u00e9tection de spam.<\/p>    <h2 class=\"wp-block-heading\">Vos coordonn\u00e9es<\/h2>    <h2 class=\"wp-block-heading\">Informations compl\u00e9mentaires<\/h2>    <h3 class=\"wp-block-heading\">Comment nous prot\u00e9geons vos donn\u00e9es<\/h3>    <h3 class=\"wp-block-heading\">Quelles proc\u00e9dures de violation de donn\u00e9es avons-nous en place<\/h3>    <h3 class=\"wp-block-heading\">De quels tiers recevons-nous des donn\u00e9es<\/h3>    <h3 class=\"wp-block-heading\">Quel traitement automatis\u00e9 de d\u00e9cisions et\/ou de profilage nous effectuons sur les donn\u00e9es des utilisateurs<\/h3>    <h3 class=\"wp-block-heading\">Exigences de divulgation r\u00e9glementaires sectorielles<\/h3>","protected":false},"excerpt":{"rendered":"<p>Who we are Our website address is: https:\/\/taizypacking.com. What personal data we collect and why we collect it Comments When visitors leave comments on the site we collect the data shown in the comments form, and also the visitor\u2019s IP address and browser user agent string to help spam detection. An anonymized string created from [&hellip;]<\/p>\n","protected":false},"author":1,"featured_media":0,"parent":0,"menu_order":0,"comment_status":"closed","ping_status":"open","template":"","meta":{"_acf_changed":false,"footnotes":""},"class_list":["post-3","page","type-page","status-publish","hentry"],"acf":[],"_links":{"self":[{"href":"https:\/\/taizypacking.com\/fr\/wp-json\/wp\/v2\/pages\/3","targetHints":{"allow":["GET"]}}],"collection":[{"href":"https:\/\/taizypacking.com\/fr\/wp-json\/wp\/v2\/pages"}],"about":[{"href":"https:\/\/taizypacking.com\/fr\/wp-json\/wp\/v2\/types\/page"}],"author":[{"embeddable":true,"href":"https:\/\/taizypacking.com\/fr\/wp-json\/wp\/v2\/users\/1"}],"replies":[{"embeddable":true,"href":"https:\/\/taizypacking.com\/fr\/wp-json\/wp\/v2\/comments?post=3"}],"version-history":[{"count":0,"href":"https:\/\/taizypacking.com\/fr\/wp-json\/wp\/v2\/pages\/3\/revisions"}],"wp:attachment":[{"href":"https:\/\/taizypacking.com\/fr\/wp-json\/wp\/v2\/media?parent=3"}],"curies":[{"name":"wp","href":"https:\/\/api.w.org\/{rel}","templated":true}]}}