{"id":31,"date":"2020-09-17T08:00:34","date_gmt":"2020-09-17T08:00:34","guid":{"rendered":"https:\/\/taizypacking.com\/?page_id=31"},"modified":"2025-09-10T15:57:40","modified_gmt":"2025-09-10T07:57:40","slug":"about-us","status":"publish","type":"page","link":"https:\/\/taizypacking.com\/es\/about-us\/","title":{"rendered":"Sobre nosotros"},"content":{"rendered":"<div data-elementor-type=\"wp-page\" data-elementor-id=\"31\" class=\"elementor elementor-31\" data-elementor-post-type=\"page\"> \t\t\t\t\t\t<section class=\"elementor-section elementor-top-section elementor-element elementor-element-56572ed elementor-section-full_width elementor-section-height-min-height elementor-section-height-default elementor-section-items-middle\" data-id=\"56572ed\" data-element_type=\"section\" data-e-type=\"section\" data-settings=\"{&quot;background_background&quot;:&quot;classic&quot;}\"> \t\t\t\t\t\t<div class=\"elementor-container elementor-column-gap-default\"> \t\t\t\t\t<div class=\"elementor-column elementor-col-100 elementor-top-column elementor-element elementor-element-1288b11\" data-id=\"1288b11\" data-element_type=\"column\" data-e-type=\"column\"> \t\t\t<div class=\"elementor-widget-wrap elementor-element-populated\"> \t\t\t\t\t\t<div class=\"elementor-element elementor-element-45f47d0 elementor-widget elementor-widget-heading\" data-id=\"45f47d0\" data-element_type=\"widget\" data-e-type=\"widget\" data-widget_type=\"heading.default\"> \t\t\t\t\t<h1 class=\"elementor-heading-title elementor-size-default\">Taizy Machinery Co. LTD<\/h1>\t\t\t\t<\/div> \t\t\t\t\t<\/div> \t\t<\/div> \t\t\t\t\t<\/div> \t\t<\/section> \t\t<div class=\"elementor-element elementor-element-1667671 e-flex e-con-boxed e-con e-parent\" data-id=\"1667671\" data-element_type=\"container\" data-e-type=\"container\"> \t\t\t\t\t<div class=\"e-con-inner\"> \t\t\t\t<div class=\"elementor-element elementor-element-d2542a2 elementor-widget elementor-widget-heading\" data-id=\"d2542a2\" data-element_type=\"widget\" data-e-type=\"widget\" data-widget_type=\"heading.default\"> \t\t\t\t\t<h2 class=\"elementor-heading-title elementor-size-default\">\u00bfQui\u00e9nes somos?<\/h2>\t\t\t\t<\/div> \t\t\t\t<div class=\"elementor-element elementor-element-d01eb20 elementor-widget__width-initial elementor-widget elementor-widget-text-editor\" data-id=\"d01eb20\" data-element_type=\"widget\" data-e-type=\"widget\" data-widget_type=\"text-editor.default\"> \t\t\t\t\t\t\t\t\t<p>Taizy Packaging Machinery es un fabricante profesional dedicado a ofrecer soluciones de envasado completas para productos l\u00edquidos, en pasta, en polvo y gr\u00e1nulos s\u00f3lidos. Contamos con nuestra propia f\u00e1brica y con instalaciones avanzadas, lo que garantiza un control de calidad estricto, una capacidad de producci\u00f3n fiable y una innovaci\u00f3n continua.<\/p>\t\t\t\t\t\t\t\t<\/div> \t\t\t\t\t<\/div> \t\t\t\t<\/div> \t\t<div class=\"elementor-element elementor-element-9a5d343 e-grid e-con-boxed e-con e-parent\" data-id=\"9a5d343\" data-element_type=\"container\" data-e-type=\"container\"> \t\t\t\t\t<div class=\"e-con-inner\"> \t\t\t\t<div class=\"elementor-element elementor-element-deaa9df elementor-widget elementor-widget-image\" data-id=\"deaa9df\" data-element_type=\"widget\" data-e-type=\"widget\" data-widget_type=\"image.default\"> \t\t\t\t\t\t\t\t\t\t\t\t\t\t\t<img fetchpriority=\"high\" decoding=\"async\" width=\"720\" height=\"540\" src=\"https:\/\/taizypacking.com\/wp-content\/uploads\/2025\/09\/Taizy-factory-1.webp\" class=\"attachment-large size-large wp-image-11042\" alt=\"F\u00e1brica Taizy\" srcset=\"https:\/\/taizypacking.com\/wp-content\/uploads\/2025\/09\/Taizy-factory-1.webp 720w, https:\/\/taizypacking.com\/wp-content\/uploads\/2025\/09\/Taizy-factory-1-300x225.webp 300w, https:\/\/taizypacking.com\/wp-content\/uploads\/2025\/09\/Taizy-factory-1-16x12.webp 16w\" sizes=\"(max-width: 720px) 100vw, 720px\" title=\"\">\t\t\t\t\t\t\t\t\t\t\t\t\t\t\t<\/div> \t\t\t\t<div class=\"elementor-element elementor-element-f0ad056 elementor-widget elementor-widget-image\" data-id=\"f0ad056\" data-element_type=\"widget\" data-e-type=\"widget\" data-widget_type=\"image.default\"> \t\t\t\t\t\t\t\t\t\t\t\t\t\t\t<img decoding=\"async\" width=\"720\" height=\"540\" src=\"https:\/\/taizypacking.com\/wp-content\/uploads\/2025\/09\/Taizy-source-factory.webp\" class=\"attachment-large size-large wp-image-11043\" alt=\"F\u00e1brica de origen Taizy\" srcset=\"https:\/\/taizypacking.com\/wp-content\/uploads\/2025\/09\/Taizy-source-factory.webp 720w, https:\/\/taizypacking.com\/wp-content\/uploads\/2025\/09\/Taizy-source-factory-300x225.webp 300w, https:\/\/taizypacking.com\/wp-content\/uploads\/2025\/09\/Taizy-source-factory-16x12.webp 16w\" sizes=\"(max-width: 720px) 100vw, 720px\" title=\"\">\t\t\t\t\t\t\t\t\t\t\t\t\t\t\t<\/div> \t\t\t\t\t<\/div> \t\t\t\t<\/div> \t\t<div class=\"elementor-element elementor-element-0811635 e-flex e-con-boxed e-con e-parent\" data-id=\"0811635\" data-element_type=\"container\" data-e-type=\"container\"> \t\t\t\t\t<div class=\"e-con-inner\"> \t\t\t\t<div class=\"elementor-element elementor-element-fca2a19 elementor-widget elementor-widget-heading\" data-id=\"fca2a19\" data-element_type=\"widget\" data-e-type=\"widget\" data-widget_type=\"heading.default\"> \t\t\t\t\t<h2 class=\"elementor-heading-title elementor-size-default\">\u00bfQu\u00e9 hay sobre nosotros?<\/h2>\t\t\t\t<\/div> \t\t\t\t<div class=\"elementor-element elementor-element-c567bc2 elementor-widget elementor-widget-text-editor\" data-id=\"c567bc2\" data-element_type=\"widget\" data-e-type=\"widget\" data-widget_type=\"text-editor.default\"> \t\t\t\t\t\t\t\t\t<p>Taizy ha obtenido certificaciones SGS, ISO, TuV, CE, BV y otras. La empresa tambi\u00e9n ha sido calificada como \u201cEmpresa que cumple contratos y mantiene promesas\u201d y \u201cEmpresa avanzada en seguridad de producci\u00f3n\u201d en la provincia de Henan.<\/p>\t\t\t\t\t\t\t\t<\/div> \t\t<div class=\"elementor-element elementor-element-7bc419b e-grid e-con-full e-con e-child\" data-id=\"7bc419b\" data-element_type=\"container\" data-e-type=\"container\"> \t\t\t\t<div class=\"elementor-element elementor-element-e59d1c4 elementor-widget elementor-widget-image\" data-id=\"e59d1c4\" data-element_type=\"widget\" data-e-type=\"widget\" data-widget_type=\"image.default\"> \t\t\t\t\t\t\t\t\t\t\t\t\t\t\t<img decoding=\"async\" width=\"800\" height=\"298\" src=\"https:\/\/taizypacking.com\/wp-content\/uploads\/2025\/09\/certifications-of-Taizy.jpg\" class=\"attachment-large size-large wp-image-11044\" alt=\"certifications of Taizy\" srcset=\"https:\/\/taizypacking.com\/wp-content\/uploads\/2025\/09\/certifications-of-Taizy.jpg 1024w, https:\/\/taizypacking.com\/wp-content\/uploads\/2025\/09\/certifications-of-Taizy-300x112.jpg 300w, https:\/\/taizypacking.com\/wp-content\/uploads\/2025\/09\/certifications-of-Taizy-768x286.jpg 768w, https:\/\/taizypacking.com\/wp-content\/uploads\/2025\/09\/certifications-of-Taizy-18x7.jpg 18w\" sizes=\"(max-width: 800px) 100vw, 800px\" title=\"\">\t\t\t\t\t\t\t\t\t\t\t\t\t\t\t<\/div> \t\t\t\t<\/div> \t\t\t\t<div class=\"elementor-element elementor-element-f238c92 elementor-widget elementor-widget-heading\" data-id=\"f238c92\" data-element_type=\"widget\" data-e-type=\"widget\" data-widget_type=\"heading.default\"> \t\t\t\t\t<h2 class=\"elementor-heading-title elementor-size-default\"><span style=\"font-weight: 500\">\u00bfQu\u00e9 hacemos?<\/span><\/h2>\t\t\t\t<\/div> \t\t\t\t<div class=\"elementor-element elementor-element-e74c685 elementor-widget elementor-widget-text-editor\" data-id=\"e74c685\" data-element_type=\"widget\" data-e-type=\"widget\" data-widget_type=\"text-editor.default\"> \t\t\t\t\t\t\t\t\t<p>Las m\u00e1quinas de envasado Taizy se utilizan ampliamente en las industrias de alimentos y bebidas, farmac\u00e9utica, cosm\u00e9tica, de productos qu\u00edmicos de uso diario y agr\u00edcola. Contamos con un equipo de ingenieros y t\u00e9cnicos experimentados que proporcionan equipos de alta calidad, servicio profesional y soporte t\u00e9cnico. Trabajamos estrechamente con socios y clientes de todo el mundo para ofrecer una amplia gama de m\u00e1quinas de envasado que satisfacen diversas necesidades del mercado.<\/p>\t\t\t\t\t\t\t\t<\/div> \t\t\t\t\t<\/div> \t\t\t\t<\/div> \t\t<div class=\"elementor-element elementor-element-0e0938e e-grid e-con-full e-con e-parent\" data-id=\"0e0938e\" data-element_type=\"container\" data-e-type=\"container\"> \t\t\t\t<div class=\"elementor-element elementor-element-d07c8e3 elementor-widget elementor-widget-image\" data-id=\"d07c8e3\" data-element_type=\"widget\" data-e-type=\"widget\" data-widget_type=\"image.default\"> \t\t\t\t\t\t\t\t\t\t\t\t\t\t\t<img loading=\"lazy\" decoding=\"async\" width=\"720\" height=\"540\" src=\"https:\/\/taizypacking.com\/wp-content\/uploads\/2025\/09\/Taizys-clients-worldwide.webp\" class=\"attachment-large size-large wp-image-11045\" alt=\"Clientes de Taizy en todo el mundo\" srcset=\"https:\/\/taizypacking.com\/wp-content\/uploads\/2025\/09\/Taizys-clients-worldwide.webp 720w, https:\/\/taizypacking.com\/wp-content\/uploads\/2025\/09\/Taizys-clients-worldwide-300x225.webp 300w, https:\/\/taizypacking.com\/wp-content\/uploads\/2025\/09\/Taizys-clients-worldwide-16x12.webp 16w\" sizes=\"(max-width: 720px) 100vw, 720px\" title=\"\">\t\t\t\t\t\t\t\t\t\t\t\t\t\t\t<\/div> \t\t\t\t<\/div> \t\t<div class=\"elementor-element elementor-element-76cf308 e-flex e-con-boxed e-con e-parent\" data-id=\"76cf308\" data-element_type=\"container\" data-e-type=\"container\"> \t\t\t\t\t<div class=\"e-con-inner\"> \t\t\t\t<div class=\"elementor-element elementor-element-26884cd elementor-widget elementor-widget-text-editor\" data-id=\"26884cd\" data-element_type=\"widget\" data-e-type=\"widget\" data-widget_type=\"text-editor.default\"> \t\t\t\t\t\t\t\t\t<h4>Taizy se compromete a convertirse en su socio de embalaje de confianza, ofreciendo eficiencia, fiabilidad y valor.<\/h4>\t\t\t\t\t\t\t\t<\/div> \t\t\t\t\t<\/div> \t\t\t\t<\/div> \t\t\t\t<\/div>","protected":false},"excerpt":{"rendered":"<p>Taizy Machinery Co. LTD Who are we ? Taizy Packaging Machinery is a professional manufacturer dedicated to providing complete packaging solutions for liquid, paste, powder, and solid granule products. We have our own factory and advanced facilities, ensuring strict quality control, reliable production capacity, and continuous innovation. How about us? Taizy has passed SGS, ISO, [&hellip;]<\/p>\n","protected":false},"author":1,"featured_media":0,"parent":0,"menu_order":0,"comment_status":"closed","ping_status":"closed","template":"","meta":{"_acf_changed":false,"footnotes":""},"class_list":["post-31","page","type-page","status-publish","hentry"],"acf":[],"_links":{"self":[{"href":"https:\/\/taizypacking.com\/es\/wp-json\/wp\/v2\/pages\/31","targetHints":{"allow":["GET"]}}],"collection":[{"href":"https:\/\/taizypacking.com\/es\/wp-json\/wp\/v2\/pages"}],"about":[{"href":"https:\/\/taizypacking.com\/es\/wp-json\/wp\/v2\/types\/page"}],"author":[{"embeddable":true,"href":"https:\/\/taizypacking.com\/es\/wp-json\/wp\/v2\/users\/1"}],"replies":[{"embeddable":true,"href":"https:\/\/taizypacking.com\/es\/wp-json\/wp\/v2\/comments?post=31"}],"version-history":[{"count":0,"href":"https:\/\/taizypacking.com\/es\/wp-json\/wp\/v2\/pages\/31\/revisions"}],"wp:attachment":[{"href":"https:\/\/taizypacking.com\/es\/wp-json\/wp\/v2\/media?parent=31"}],"curies":[{"name":"wp","href":"https:\/\/api.w.org\/{rel}","templated":true}]}}